{"id":62,"date":"2013-10-28T20:21:34","date_gmt":"2013-10-28T18:21:34","guid":{"rendered":"http:\/\/www.fricsay.hu\/?page_id=62"},"modified":"2022-09-23T18:33:14","modified_gmt":"2022-09-23T16:33:14","slug":"62-2","status":"publish","type":"page","link":"https:\/\/www.fricsay.hu\/","title":{"rendered":""},"content":{"rendered":"<h2 style=\"text-align: center;\"><strong><span style=\"color: #000080;\">\u00dcdv\u00f6z\u00f6lj\u00fck \u00d6nt a Fricsay Rich\u00e1rd Katonazenei Hagyom\u00e1ny\u0151rz\u0151 Egyes\u00fclet honlapj\u00e1n!<\/span><span style=\"color: #000080;\">&nbsp;<\/span><\/strong><\/h2>\n<p style=\"text-align: justify;\"><img decoding=\"async\" loading=\"lazy\" class=\"alignnone wp-image-223\" style=\"float: right; margin: 10px;\" src=\"http:\/\/www.fricsay.hu\/wp-content\/uploads\/2013\/10\/Fricsay-tabl\u00f3k\u00e9p.jpg\" alt=\"Fricsay tabl\u00f3k\u00e9p\" width=\"290\" height=\"431\" srcset=\"https:\/\/www.fricsay.hu\/wp-content\/uploads\/2013\/10\/Fricsay-tabl\u00f3k\u00e9p.jpg 1385w, https:\/\/www.fricsay.hu\/wp-content\/uploads\/2013\/10\/Fricsay-tabl\u00f3k\u00e9p-201x300.jpg 201w, https:\/\/www.fricsay.hu\/wp-content\/uploads\/2013\/10\/Fricsay-tabl\u00f3k\u00e9p-688x1024.jpg 688w\" sizes=\"(max-width: 290px) 100vw, 290px\" \/><\/p>\n<p style=\"text-align: justify;\">&nbsp;Ismerkedjen meg t\u00e1rsadalmi szervezet\u00fcnkel, amely a magyar katonazene t\u00f6rt\u00e9net\u00e9t \u00e9s kultur\u00e1lis \u00e9rt\u00e9keit kutatja, n\u00e9pszer\u0171s\u00edti, valamint hagyom\u00e1nyait \u00e1polja. Rem\u00e9lj\u00fck, hogy honlapunk teljes betekint\u00e9st tud ny\u00fajtani mindazok sz\u00e1m\u00e1ra, akik \u00e9rdekl\u0151dnek a magyar katonazene ir\u00e1nt.<\/p>\n<p style=\"text-align: justify;\"><strong><span style=\"color: #ff0000;\">V\u00e1rjuk \u00d6n\u00f6ket a magyar katonazene \u00e9s az&nbsp; egyes\u00fclet soron k\u00f6vetkez\u0151 kultur\u00e1lis programjain, amelyekr\u0151l a h\u00edrek men\u00fcpontban t\u00e1j\u00e9koz\u00f3dhat!<\/span><\/strong><\/p>\n<p style=\"text-align: justify;\">A Fricsay Rich\u00e1rd Katonazenei Hagyom\u00e1ny\u0151rz\u0151 Egyes\u00fclet eln\u00f6ks\u00e9ge k\u00f6sz\u00f6net\u00e9t fejezi ki mindazon mag\u00e1n \u00e9s jogi szem\u00e9lyeknek, akik 2022-ben ad\u00f3juk 1 % &#8211; \u00e1t felaj\u00e1nlva <strong>50. 967<\/strong> ft. \u00f6sszegben t\u00e1mogatt\u00e1k az egyes\u00fclet c\u00e9lkit\u0171z\u00e9seit \u00e9s programjait. A felaj\u00e1nlott \u00f6sszeget egyes\u00fclet\u00fcnk kultur\u00e1lis tev\u00e9kenys\u00e9gre &#8211; a katonazene t\u00f6rt\u00e9net\u00e9t bemutat\u00f3 t\u00e1rlat fejleszt\u00e9s\u00e9re, valamint a Magyar Katonazene Napja szakmai rendezv\u00e9ny szervez\u00e9si k\u00f6lts\u00e9geire k\u00edv\u00e1nja ford\u00edtani.<\/p>\n<p><img decoding=\"async\" loading=\"lazy\" class=\"alignnone size-full wp-image-225\" style=\"float: left; margin: 10px; border: 1px solid black;\" src=\"http:\/\/www.fricsay.hu\/wp-content\/uploads\/2013\/10\/S\u00e1rosi-P\u00e9ter-szds..jpg\" alt=\"S\u00e1rosi P\u00e9ter szds.\" width=\"150\" height=\"214\" srcset=\"https:\/\/www.fricsay.hu\/wp-content\/uploads\/2013\/10\/S\u00e1rosi-P\u00e9ter-szds..jpg 1696w, https:\/\/www.fricsay.hu\/wp-content\/uploads\/2013\/10\/S\u00e1rosi-P\u00e9ter-szds.-210x300.jpg 210w, https:\/\/www.fricsay.hu\/wp-content\/uploads\/2013\/10\/S\u00e1rosi-P\u00e9ter-szds.-719x1024.jpg 719w\" sizes=\"(max-width: 150px) 100vw, 150px\" \/><\/p>\n<p style=\"text-align: justify;\">Ez\u00faton k\u00edv\u00e1nunk k\u00f6sz\u00f6netet mondani az egyes\u00fcletet tags\u00e1g\u00e1nak, valamint a t\u00e1mogat\u00f3 mag\u00e1n \u00e9s jogi szem\u00e9lyeknek, akik hozz\u00e1j\u00e1rultak ahhoz, hogy t\u00e1rsadalmi szervezet\u00fcnk 2022-ben is sikeres m\u0171k\u00f6d\u00e9si &nbsp;\u00e9vet z\u00e1rjon. Rem\u00e9lj\u00fck, hogy a j\u00f6v\u0151ben is t\u00e1mogatj\u00e1k a magyar katonazene t\u00f6rt\u00e9net\u00e9t kutat\u00f3, valamint \u00e9rt\u00e9keit \u00e9s hagyom\u00e1nyait n\u00e9pszer\u0171s\u00edt\u0151 kultur\u00e1lis egyes\u00fclet tev\u00e9kenys\u00e9g\u00e9t!<\/p>\n<p style=\"text-align: justify;\"><strong><span style=\"font-family: 'times new roman', times; font-size: large; color: #ff0000;\">Az egyes\u00fclet kultur\u00e1lis tev\u00e9kenys\u00e9g\u00e9t tov\u00e1bbi adom\u00e1nyaikkal az al\u00e1bbi sz\u00e1mlasz\u00e1mon tudja t\u00e1mogatni:<\/span><\/strong><\/p>\n<p style=\"text-align: justify;\"><a href=\"http:\/\/www.fricsay.hu\/wp-content\/uploads\/2013\/10\/Sz\u00e1mla-sz\u00e1m.jpg\"><img decoding=\"async\" loading=\"lazy\" class=\"alignnone size-full wp-image-436\" style=\"vertical-align: middle;\" src=\"http:\/\/www.fricsay.hu\/wp-content\/uploads\/2013\/10\/Sz\u00e1mla-sz\u00e1m.jpg\" alt=\"Sz\u00e1mla sz\u00e1m\" width=\"2582\" height=\"800\" srcset=\"https:\/\/www.fricsay.hu\/wp-content\/uploads\/2013\/10\/Sz\u00e1mla-sz\u00e1m.jpg 2388w, https:\/\/www.fricsay.hu\/wp-content\/uploads\/2013\/10\/Sz\u00e1mla-sz\u00e1m-300x92.jpg 300w, https:\/\/www.fricsay.hu\/wp-content\/uploads\/2013\/10\/Sz\u00e1mla-sz\u00e1m-1024x317.jpg 1024w\" sizes=\"(max-width: 2582px) 100vw, 2582px\" \/><\/a>Adom\u00e1nyaikat tisztelettel k\u00f6sz\u00f6nj\u00fck!!<\/p>\n<p style=\"text-align: justify;\"><a style=\"color: #ff4b33; line-height: 24px;\" href=\"http:\/\/www.fricsay.hu\/wp-content\/uploads\/2013\/10\/ad\u00f3-1-sz\u00e1zal\u00e9k.jpg\"><img decoding=\"async\" loading=\"lazy\" class=\"alignnone size-full wp-image-374\" style=\"margin: 10px; float: right;\" src=\"http:\/\/www.fricsay.hu\/wp-content\/uploads\/2013\/10\/ad\u00f3-1-sz\u00e1zal\u00e9k.jpg\" alt=\"ad\u00f3 1 sz\u00e1zal\u00e9k\" width=\"200\" height=\"233\" srcset=\"https:\/\/www.fricsay.hu\/wp-content\/uploads\/2013\/10\/ad\u00f3-1-sz\u00e1zal\u00e9k.jpg 945w, https:\/\/www.fricsay.hu\/wp-content\/uploads\/2013\/10\/ad\u00f3-1-sz\u00e1zal\u00e9k-257x300.jpg 257w, https:\/\/www.fricsay.hu\/wp-content\/uploads\/2013\/10\/ad\u00f3-1-sz\u00e1zal\u00e9k-879x1024.jpg 879w\" sizes=\"(max-width: 200px) 100vw, 200px\" \/><\/a><\/p>\n<p style=\"text-align: justify;\"><span style=\"background-color: #ffffff;\"><strong><span style=\"color: #ff0000;\">K\u00e9rj\u00fck, aki teheti, rendelkezzen szja 1 %-val id\u00e9n is a Fricsay Rich\u00e1rd Katonazenei Hagyom\u00e1ny\u0151rz\u0151 Egyes\u00fclet jav\u00e1ra!<\/span><\/strong><\/span><\/p>\n<p><strong>Szervezet sz\u00e9khelye<\/strong>: 1171 Budapest, Zimonyi utca 91.<\/p>\n<p><span style=\"color: #000080; font-size: x-large;\"><strong>Ad\u00f3sz\u00e1m: <span style=\"font-family: 'times new roman', times; font-size: xx-large;\">18245251-1-42<\/span><\/strong><\/span><\/p>\n<p style=\"text-align: justify;\"><strong><span style=\"color: #ff0000;\">K\u00f6sz\u00f6nj\u00fck el\u0151re is!<\/span><\/strong><\/p>\n","protected":false},"excerpt":{"rendered":"<p>\u00dcdv\u00f6z\u00f6lj\u00fck \u00d6nt a Fricsay Rich\u00e1rd Katonazenei Hagyom\u00e1ny\u0151rz\u0151 Egyes\u00fclet honlapj\u00e1n!&nbsp; &nbsp;Ismerkedjen meg t\u00e1rsadalmi szervezet\u00fcnkel, amely a magyar katonazene t\u00f6rt\u00e9net\u00e9t \u00e9s kultur\u00e1lis \u00e9rt\u00e9keit kutatja, n\u00e9pszer\u0171s\u00edti, valamint hagyom\u00e1nyait \u00e1polja. Rem\u00e9lj\u00fck, hogy honlapunk teljes betekint\u00e9st tud ny\u00fajtani mindazok sz\u00e1m\u00e1ra, akik \u00e9rdekl\u0151dnek a magyar katonazene &hellip; <a href=\"https:\/\/www.fricsay.hu\/\">Egy kattint\u00e1s ide a folytat\u00e1shoz&#8230;. <span class=\"meta-nav\">&rarr;<\/span><\/a><\/p>\n","protected":false},"author":1,"featured_media":0,"parent":0,"menu_order":0,"comment_status":"closed","ping_status":"closed","template":"","meta":{"ngg_post_thumbnail":0},"_links":{"self":[{"href":"https:\/\/www.fricsay.hu\/index.php?rest_route=\/wp\/v2\/pages\/62"}],"collection":[{"href":"https:\/\/www.fricsay.hu\/index.php?rest_route=\/wp\/v2\/pages"}],"about":[{"href":"https:\/\/www.fricsay.hu\/index.php?rest_route=\/wp\/v2\/types\/page"}],"author":[{"embeddable":true,"href":"https:\/\/www.fricsay.hu\/index.php?rest_route=\/wp\/v2\/users\/1"}],"replies":[{"embeddable":true,"href":"https:\/\/www.fricsay.hu\/index.php?rest_route=%2Fwp%2Fv2%2Fcomments&post=62"}],"version-history":[{"count":42,"href":"https:\/\/www.fricsay.hu\/index.php?rest_route=\/wp\/v2\/pages\/62\/revisions"}],"predecessor-version":[{"id":1222,"href":"https:\/\/www.fricsay.hu\/index.php?rest_route=\/wp\/v2\/pages\/62\/revisions\/1222"}],"wp:attachment":[{"href":"https:\/\/www.fricsay.hu\/index.php?rest_route=%2Fwp%2Fv2%2Fmedia&parent=62"}],"curies":[{"name":"wp","href":"https:\/\/api.w.org\/{rel}","templated":true}]}}