{"id":618,"date":"2014-03-10T22:33:38","date_gmt":"2014-03-10T20:33:38","guid":{"rendered":"http:\/\/www.fricsay.hu\/?page_id=618"},"modified":"2014-08-07T21:51:39","modified_gmt":"2014-08-07T19:51:39","slug":"mh-szekesfehervar-helyorsegzenekar","status":"publish","type":"page","link":"https:\/\/www.fricsay.hu\/?page_id=618","title":{"rendered":"MH Sz\u00e9kesfeh\u00e9rv\u00e1r Hely\u0151rs\u00e9gzenekar"},"content":{"rendered":"<p style=\"text-align: center;\"><a href=\"http:\/\/www.fricsay.hu\/wp-content\/uploads\/2014\/03\/Fejl\u00e9c7.jpg\"><img decoding=\"async\" loading=\"lazy\" class=\"alignnone size-large wp-image-751\" src=\"http:\/\/www.fricsay.hu\/wp-content\/uploads\/2014\/03\/Fejl\u00e9c7-1024x235.jpg\" alt=\"Fejl\u00e9c7\" width=\"640\" height=\"146\" srcset=\"https:\/\/www.fricsay.hu\/wp-content\/uploads\/2014\/03\/Fejl\u00e9c7-1024x235.jpg 1024w, https:\/\/www.fricsay.hu\/wp-content\/uploads\/2014\/03\/Fejl\u00e9c7-300x69.jpg 300w\" sizes=\"(max-width: 640px) 100vw, 640px\" \/><\/a><\/p>\n","protected":false},"excerpt":{"rendered":"","protected":false},"author":1,"featured_media":0,"parent":0,"menu_order":0,"comment_status":"open","ping_status":"open","template":"","meta":{"ngg_post_thumbnail":0},"_links":{"self":[{"href":"https:\/\/www.fricsay.hu\/index.php?rest_route=\/wp\/v2\/pages\/618"}],"collection":[{"href":"https:\/\/www.fricsay.hu\/index.php?rest_route=\/wp\/v2\/pages"}],"about":[{"href":"https:\/\/www.fricsay.hu\/index.php?rest_route=\/wp\/v2\/types\/page"}],"author":[{"embeddable":true,"href":"https:\/\/www.fricsay.hu\/index.php?rest_route=\/wp\/v2\/users\/1"}],"replies":[{"embeddable":true,"href":"https:\/\/www.fricsay.hu\/index.php?rest_route=%2Fwp%2Fv2%2Fcomments&post=618"}],"version-history":[{"count":2,"href":"https:\/\/www.fricsay.hu\/index.php?rest_route=\/wp\/v2\/pages\/618\/revisions"}],"predecessor-version":[{"id":752,"href":"https:\/\/www.fricsay.hu\/index.php?rest_route=\/wp\/v2\/pages\/618\/revisions\/752"}],"wp:attachment":[{"href":"https:\/\/www.fricsay.hu\/index.php?rest_route=%2Fwp%2Fv2%2Fmedia&parent=618"}],"curies":[{"name":"wp","href":"https:\/\/api.w.org\/{rel}","templated":true}]}}