{"id":23,"date":"2013-10-26T06:57:57","date_gmt":"2013-10-26T06:57:57","guid":{"rendered":"http:\/\/www.fricsay.hu\/?page_id=23"},"modified":"2018-04-12T21:24:17","modified_gmt":"2018-04-12T19:24:17","slug":"hireink","status":"publish","type":"page","link":"https:\/\/www.fricsay.hu\/?page_id=23","title":{"rendered":"H\u00edreink"},"content":{"rendered":"<script language=\"javascript\" type=\"text\/javascript\">wpfpn_nbrows = ( typeof wpfpn_nbrows != 'undefined' && wpfpn_nbrows instanceof Array ) ? wpfpn_nbrows : [];wpfpn_nbrows[57]=0;<\/script><div class=\"wpcufpn_outside wpcufpn_widget_57\" style=\"width:100%;\"><div id=\"wpcufpn_widget_57\" class=\"wpcufpn_container vertical default cols1\" style=\"width:100%;\"><ul class=\"wpcufpn_listposts\" style=\"width: 100%;\"><li id=\"wpcufpn_li_57_1214\" class=\"postno_1\" style=\"width:100%;\"><div class=\"insideframe\"><div id=\"wpcufpn_box_top_57_1214\" class=\"wpcu-front-box top\" ><a href=\"https:\/\/www.fricsay.hu\/?p=1214\"><\/a><\/div><table><tr><td id=\"wpcufpn_box_left_57_1214\" class=\"wpcu-front-box left\" ><a href=\"https:\/\/www.fricsay.hu\/?p=1214\"><span class=\"thumbnail\"><span class=\"img_cropper\" style=\"margin-right:4px;margin-bottom:4px;\"><img src=\"https:\/\/www.fricsay.hu\/wp-content\/uploads\/2022\/04\/Kivet\u00edt\u0151-alapk\u00e9p-1024x768.jpg\" style=\"width:60px;height:60px;\" alt=\"Magyar Katonazene Napja &#8211; 2022. \u00e1prilis 28.\" class=\"wpcufpn_thumb\" \/><\/span><\/span><\/a><\/td><td id=\"wpcufpn_box_right_57_1214\" class=\"wpcu-front-box right\" ><a href=\"https:\/\/www.fricsay.hu\/?p=1214\"><span class=\"date\">2022-04-21<\/span><span class=\"title\"><span style=\"height:1.1em\" class=\"line_limit\">Magyar Katonazene Napja &#8211; 2022. \u00e1prilis 28.<\/span><\/span><span class=\"text\"><span style=\"max-height:2.2em\" class=\"line_limit\"><\/span><\/span><\/a><\/td><\/tr><\/table><div id=\"wpcufpn_box_bottom_57_1214\" class=\"wpcu-front-box bottom\" ><a href=\"https:\/\/www.fricsay.hu\/?p=1214\"><\/a><\/div><\/div><\/li><li id=\"wpcufpn_li_57_1208\" class=\"postno_2\" style=\"width:100%;\"><div class=\"insideframe\"><div id=\"wpcufpn_box_top_57_1208\" class=\"wpcu-front-box top\" ><a href=\"https:\/\/www.fricsay.hu\/?p=1208\"><\/a><\/div><table><tr><td id=\"wpcufpn_box_left_57_1208\" class=\"wpcu-front-box left\" ><a href=\"https:\/\/www.fricsay.hu\/?p=1208\"><span class=\"thumbnail\"><span class=\"img_cropper\" style=\"margin-right:4px;margin-bottom:4px;\"><img src=\"http:\/\/www.fricsay.hu\/wp-content\/uploads\/2021\/05\/I1A3855-copy-1-683x1024.jpg\" style=\"width:60px;height:60px;\" alt=\"Magyar Katonazene Napja 2021.\" class=\"wpcufpn_thumb\" \/><\/span><\/span><\/a><\/td><td id=\"wpcufpn_box_right_57_1208\" class=\"wpcu-front-box right\" ><a href=\"https:\/\/www.fricsay.hu\/?p=1208\"><span class=\"date\">2021-05-01<\/span><span class=\"title\"><span style=\"height:1.1em\" class=\"line_limit\">Magyar Katonazene Napja 2021.<\/span><\/span><span class=\"text\"><span style=\"max-height:2.2em\" class=\"line_limit\">Tisztelt Katonazen\u00e9sz koll\u00e9g\u00e1k! Ma \u00fcnnepelj\u00fck a Magyar Katonazene napj\u00e1t, amely a kiv\u00e1l\u00f3 katonakarmester \u00e9s vil\u00e1gh\u00edr\u0171 zeneszerz\u0151 Leh\u00e1r Ferenc sz\u00fclet\u00e9snapj\u00e1hoz k\u00f6t\u0151dik. Ezen a jeles \u00fcnnepnapon nagy tisztelettel k\u00f6sz\u00f6nt\u00f6k minden akt\u00edv \u00e9s nyug\u00e1llom\u00e1ny\u00fa katonamuzsikust, zen\u00e9szeket, karmestereket \u00e9s a mindennapi munk\u00e1nkat seg\u00edt\u0151 munkat\u00e1rsainkat &hellip; <a href=\"https:\/\/www.fricsay.hu\/?p=1208\">Egy kattint\u00e1s ide a folytat\u00e1shoz.... <span class=\"meta-nav\">&rarr;<\/span><\/a><\/span><\/span><\/a><\/td><\/tr><\/table><div id=\"wpcufpn_box_bottom_57_1208\" class=\"wpcu-front-box bottom\" ><a href=\"https:\/\/www.fricsay.hu\/?p=1208\"><\/a><\/div><\/div><\/li><li id=\"wpcufpn_li_57_1107\" class=\"postno_3\" style=\"width:100%;\"><div class=\"insideframe\"><div id=\"wpcufpn_box_top_57_1107\" class=\"wpcu-front-box top\" ><a href=\"https:\/\/www.fricsay.hu\/?p=1107\"><\/a><\/div><table><tr><td id=\"wpcufpn_box_left_57_1107\" class=\"wpcu-front-box left\" ><a href=\"https:\/\/www.fricsay.hu\/?p=1107\"><span class=\"thumbnail\"><span class=\"img_cropper\" style=\"margin-right:4px;margin-bottom:4px;\"><img src=\"http:\/\/www.fricsay.hu\/wp-content\/uploads\/2020\/04\/MKN-2020-rekl\u00e1m-anyag-1024x910.png\" style=\"width:60px;height:60px;\" alt=\"Magyar Katonazene Napja 2020.\" class=\"wpcufpn_thumb\" \/><\/span><\/span><\/a><\/td><td id=\"wpcufpn_box_right_57_1107\" class=\"wpcu-front-box right\" ><a href=\"https:\/\/www.fricsay.hu\/?p=1107\"><span class=\"date\">2020-04-28<\/span><span class=\"title\"><span style=\"height:1.1em\" class=\"line_limit\">Magyar Katonazene Napja 2020.<\/span><\/span><span class=\"text\"><span style=\"max-height:2.2em\" class=\"line_limit\">A magyar Katonazene Napja 2020. &nbsp; \u201eZengj nek\u00fcnk dalt; hangok nagy tan\u00e1rja, \u00c9s ha zengesz a m\u00falt napir\u00f3l, L\u00e9gyen hangod a v\u00e9sz zongor\u00e1ja, Melyben a harc mennyd\u00f6rg\u00e9se sz\u00f3l, S \u00e1rja k\u00f6zben a szilaj zen\u00e9nek Riadozzon diadalmi \u00e9nek.\u201d\u00a0\u00a0\u00a0\u00a0\u00a0\u00a0\u00a0\u00a0\u00a0\u00a0\u00a0\u00a0\u00a0\u00a0\u00a0\u00a0\u00a0\u00a0\u00a0\u00a0\u00a0\u00a0\u00a0\u00a0\u00a0\u00a0\u00a0\u00a0\u00a0\u00a0\u00a0\u00a0\u00a0\u00a0\u00a0 \u00a0\u00a0\u00a0\u00a0\u00a0\u00a0\u00a0\u00a0\u00a0\u00a0\u00a0\u00a0\u00a0\u00a0\u00a0\u00a0\u00a0\u00a0\u00a0\u00a0\u00a0\u00a0\u00a0\u00a0\u00a0\u00a0\u00a0\u00a0\u00a0\u00a0\u00a0\u00a0\u00a0\u00a0\u00a0\u00a0 V\u00f6r\u00f6smarty Mih\u00e1ly &hellip; <a href=\"https:\/\/www.fricsay.hu\/?p=1107\">Egy kattint\u00e1s ide a folytat\u00e1shoz.... <span class=\"meta-nav\">&rarr;<\/span><\/a><\/span><\/span><\/a><\/td><\/tr><\/table><div id=\"wpcufpn_box_bottom_57_1107\" class=\"wpcu-front-box bottom\" ><a href=\"https:\/\/www.fricsay.hu\/?p=1107\"><\/a><\/div><\/div><\/li><li id=\"wpcufpn_li_57_1071\" class=\"postno_4\" style=\"width:100%;\"><div class=\"insideframe\"><div id=\"wpcufpn_box_top_57_1071\" class=\"wpcu-front-box top\" ><a href=\"https:\/\/www.fricsay.hu\/?p=1071\"><\/a><\/div><table><tr><td id=\"wpcufpn_box_left_57_1071\" class=\"wpcu-front-box left\" ><a href=\"https:\/\/www.fricsay.hu\/?p=1071\"><span class=\"thumbnail\"><span class=\"img_cropper\" style=\"margin-right:4px;margin-bottom:4px;\"><img src=\"http:\/\/www.fricsay.hu\/wp-content\/uploads\/2019\/05\/MKN-2019-Tabl\u00f3-A4-724x1024.jpg\" style=\"width:60px;height:60px;\" alt=\"Magyar Katonazene Napja 2019.\" class=\"wpcufpn_thumb\" \/><\/span><\/span><\/a><\/td><td id=\"wpcufpn_box_right_57_1071\" class=\"wpcu-front-box right\" ><a href=\"https:\/\/www.fricsay.hu\/?p=1071\"><span class=\"date\">2019-05-23<\/span><span class=\"title\"><span style=\"height:1.1em\" class=\"line_limit\">Magyar Katonazene Napja 2019.<\/span><\/span><span class=\"text\"><span style=\"max-height:2.2em\" class=\"line_limit\">&nbsp; A Magyar Katonazene Napja 2019. A magyar katonazenei szakma hagyom\u00e1nyos keretek k\u00f6z\u00f6tt \u00fcnnepelte fegyvernemi napj\u00e1t, amelynek k\u00f6zponti rendezv\u00e9nye az MH vit\u00e9z Szurmay S\u00e1ndor Budapest Hely\u0151rs\u00e9g Dand\u00e1rn\u00e1l kezd\u0151d\u00f6tt. A laktanya szoborparkj\u00e1ban Kov\u00e1cs Istv\u00e1n \u0151rnagy, a H\u00f3dmez\u0151v\u00e1s\u00e1rhely Hely\u0151rs\u00e9gi Zenekar karmestere osztotta &hellip; <a href=\"https:\/\/www.fricsay.hu\/?p=1071\">Egy kattint\u00e1s ide a folytat\u00e1shoz.... <span class=\"meta-nav\">&rarr;<\/span><\/a><\/span><\/span><\/a><\/td><\/tr><\/table><div id=\"wpcufpn_box_bottom_57_1071\" class=\"wpcu-front-box bottom\" ><a href=\"https:\/\/www.fricsay.hu\/?p=1071\"><\/a><\/div><\/div><\/li><li id=\"wpcufpn_li_57_1066\" class=\"postno_5\" style=\"width:100%;\"><div class=\"insideframe\"><div id=\"wpcufpn_box_top_57_1066\" class=\"wpcu-front-box top\" ><a href=\"https:\/\/www.fricsay.hu\/?p=1066\"><\/a><\/div><table><tr><td id=\"wpcufpn_box_left_57_1066\" class=\"wpcu-front-box left\" ><a href=\"https:\/\/www.fricsay.hu\/?p=1066\"><span class=\"thumbnail\"><span class=\"img_cropper\" style=\"margin-right:4px;margin-bottom:4px;\"><img src=\"http:\/\/www.fricsay.hu\/wp-content\/uploads\/2019\/05\/Egressy-B\u00e9ni-d\u00edj-2-1024x854.jpg\" style=\"width:60px;height:60px;\" alt=\"\" class=\"wpcufpn_thumb\" \/><\/span><\/span><\/a><\/td><td id=\"wpcufpn_box_right_57_1066\" class=\"wpcu-front-box right\" ><a href=\"https:\/\/www.fricsay.hu\/?p=1066\"><span class=\"date\">2019-05-21<\/span><span class=\"title\"><span style=\"height:1.1em\" class=\"line_limit\"><\/span><\/span><span class=\"text\"><span style=\"max-height:2.2em\" class=\"line_limit\">Magyarorsz\u00e1g honv\u00e9delmi minisztere a honv\u00e9delem napja, 2019. m\u00e1jus 21-e alkalm\u00e1b\u00f3l a honv\u00e9delem eg\u00e9sz\u00e9t \u00e9rint\u0151 kiemelked\u0151en eredm\u00e9nyes munk\u00e1ja \u2013 k\u00fcl\u00f6n\u00f6sen a magas szint\u0171 harck\u00e9sz\u00fclts\u00e9g fenntart\u00e1s\u00e1nak, a szem\u00e9lyi \u00e1llom\u00e1ny kik\u00e9pz\u00e9s\u00e9nek, nevel\u00e9s\u00e9nek \u00e9s ut\u00e1np\u00f3tl\u00e1sa biztos\u00edt\u00e1s\u00e1nak ter\u00fclet\u00e9n kiemelked\u0151 teljes\u00edtm\u00e9nye elismer\u00e9sek\u00e9nt Egressy B\u00e9ni-d\u00edjat adom\u00e1nyozott Csizmadia &hellip; <a href=\"https:\/\/www.fricsay.hu\/?p=1066\">Egy kattint\u00e1s ide a folytat\u00e1shoz.... <span class=\"meta-nav\">&rarr;<\/span><\/a><\/span><\/span><\/a><\/td><\/tr><\/table><div id=\"wpcufpn_box_bottom_57_1066\" class=\"wpcu-front-box bottom\" ><a href=\"https:\/\/www.fricsay.hu\/?p=1066\"><\/a><\/div><\/div><\/li><\/ul><\/div><\/div><script>var autoanimate = false;<\/script>\n<p>&nbsp;<\/p>\n","protected":false},"excerpt":{"rendered":"<p>&nbsp;<\/p>\n","protected":false},"author":1,"featured_media":0,"parent":0,"menu_order":2,"comment_status":"closed","ping_status":"closed","template":"","meta":{"ngg_post_thumbnail":0},"_links":{"self":[{"href":"https:\/\/www.fricsay.hu\/index.php?rest_route=\/wp\/v2\/pages\/23"}],"collection":[{"href":"https:\/\/www.fricsay.hu\/index.php?rest_route=\/wp\/v2\/pages"}],"about":[{"href":"https:\/\/www.fricsay.hu\/index.php?rest_route=\/wp\/v2\/types\/page"}],"author":[{"embeddable":true,"href":"https:\/\/www.fricsay.hu\/index.php?rest_route=\/wp\/v2\/users\/1"}],"replies":[{"embeddable":true,"href":"https:\/\/www.fricsay.hu\/index.php?rest_route=%2Fwp%2Fv2%2Fcomments&post=23"}],"version-history":[{"count":6,"href":"https:\/\/www.fricsay.hu\/index.php?rest_route=\/wp\/v2\/pages\/23\/revisions"}],"predecessor-version":[{"id":1136,"href":"https:\/\/www.fricsay.hu\/index.php?rest_route=\/wp\/v2\/pages\/23\/revisions\/1136"}],"wp:attachment":[{"href":"https:\/\/www.fricsay.hu\/index.php?rest_route=%2Fwp%2Fv2%2Fmedia&parent=23"}],"curies":[{"name":"wp","href":"https:\/\/api.w.org\/{rel}","templated":true}]}}