{"id":1123,"date":"2020-05-03T08:37:59","date_gmt":"2020-05-03T06:37:59","guid":{"rendered":"http:\/\/www.fricsay.hu\/?page_id=1123"},"modified":"2020-05-28T20:17:54","modified_gmt":"2020-05-28T18:17:54","slug":"palyazat-2","status":"publish","type":"page","link":"https:\/\/www.fricsay.hu\/?page_id=1123","title":{"rendered":"P\u00e1ly\u00e1zat"},"content":{"rendered":"\n<figure class=\"wp-block-image\"><img decoding=\"async\" loading=\"lazy\" width=\"724\" height=\"1024\" src=\"http:\/\/www.fricsay.hu\/wp-content\/uploads\/2020\/05\/SZIA-Sz\u00ednh\u00e1z-Plak\u00e1t-junius-15-SMALL-1-1-724x1024.jpg\" alt=\"\" class=\"wp-image-1203\" srcset=\"https:\/\/www.fricsay.hu\/wp-content\/uploads\/2020\/05\/SZIA-Sz\u00ednh\u00e1z-Plak\u00e1t-junius-15-SMALL-1-1-724x1024.jpg 724w, https:\/\/www.fricsay.hu\/wp-content\/uploads\/2020\/05\/SZIA-Sz\u00ednh\u00e1z-Plak\u00e1t-junius-15-SMALL-1-1-212x300.jpg 212w, https:\/\/www.fricsay.hu\/wp-content\/uploads\/2020\/05\/SZIA-Sz\u00ednh\u00e1z-Plak\u00e1t-junius-15-SMALL-1-1-768x1087.jpg 768w, https:\/\/www.fricsay.hu\/wp-content\/uploads\/2020\/05\/SZIA-Sz\u00ednh\u00e1z-Plak\u00e1t-junius-15-SMALL-1-1.jpg 868w\" sizes=\"(max-width: 724px) 100vw, 724px\" \/><\/figure>\n","protected":false},"excerpt":{"rendered":"","protected":false},"author":2,"featured_media":0,"parent":0,"menu_order":0,"comment_status":"closed","ping_status":"closed","template":"","meta":{"ngg_post_thumbnail":0},"_links":{"self":[{"href":"https:\/\/www.fricsay.hu\/index.php?rest_route=\/wp\/v2\/pages\/1123"}],"collection":[{"href":"https:\/\/www.fricsay.hu\/index.php?rest_route=\/wp\/v2\/pages"}],"about":[{"href":"https:\/\/www.fricsay.hu\/index.php?rest_route=\/wp\/v2\/types\/page"}],"author":[{"embeddable":true,"href":"https:\/\/www.fricsay.hu\/index.php?rest_route=\/wp\/v2\/users\/2"}],"replies":[{"embeddable":true,"href":"https:\/\/www.fricsay.hu\/index.php?rest_route=%2Fwp%2Fv2%2Fcomments&post=1123"}],"version-history":[{"count":5,"href":"https:\/\/www.fricsay.hu\/index.php?rest_route=\/wp\/v2\/pages\/1123\/revisions"}],"predecessor-version":[{"id":1204,"href":"https:\/\/www.fricsay.hu\/index.php?rest_route=\/wp\/v2\/pages\/1123\/revisions\/1204"}],"wp:attachment":[{"href":"https:\/\/www.fricsay.hu\/index.php?rest_route=%2Fwp%2Fv2%2Fmedia&parent=1123"}],"curies":[{"name":"wp","href":"https:\/\/api.w.org\/{rel}","templated":true}]}}