{"id":633,"date":"2014-03-10T22:37:35","date_gmt":"2014-03-10T20:37:35","guid":{"rendered":"http:\/\/www.fricsay.hu\/?page_id=633"},"modified":"2014-08-07T21:48:24","modified_gmt":"2014-08-07T19:48:24","slug":"mh-debrecen-helyorsegzenekar","status":"publish","type":"page","link":"http:\/\/www.fricsay.hu\/?page_id=633","title":{"rendered":"MH Debrecen Hely\u0151rs\u00e9gzenekar"},"content":{"rendered":"<p>&nbsp;<\/p>\n<p style=\"text-align: center;\"><a href=\"http:\/\/www.fricsay.hu\/wp-content\/uploads\/2014\/03\/Fejl\u00e9c9.jpg\"><img decoding=\"async\" loading=\"lazy\" class=\"alignnone size-large wp-image-743\" src=\"http:\/\/www.fricsay.hu\/wp-content\/uploads\/2014\/03\/Fejl\u00e9c9-1024x235.jpg\" alt=\"Fejl\u00e9c9\" width=\"640\" height=\"146\" srcset=\"http:\/\/www.fricsay.hu\/wp-content\/uploads\/2014\/03\/Fejl\u00e9c9-1024x235.jpg 1024w, http:\/\/www.fricsay.hu\/wp-content\/uploads\/2014\/03\/Fejl\u00e9c9-300x69.jpg 300w\" sizes=\"(max-width: 640px) 100vw, 640px\" \/><\/a><\/p>\n<p style=\"text-align: center;\"><a href=\"http:\/\/www.fricsay.hu\/wp-content\/uploads\/2014\/03\/Debrecen.jpg\"><img decoding=\"async\" loading=\"lazy\" class=\"alignnone size-large wp-image-690\" src=\"http:\/\/www.fricsay.hu\/wp-content\/uploads\/2014\/03\/Debrecen-1024x723.jpg\" alt=\"Debrecen\" width=\"640\" height=\"451\" srcset=\"http:\/\/www.fricsay.hu\/wp-content\/uploads\/2014\/03\/Debrecen-1024x723.jpg 1024w, http:\/\/www.fricsay.hu\/wp-content\/uploads\/2014\/03\/Debrecen-300x212.jpg 300w, http:\/\/www.fricsay.hu\/wp-content\/uploads\/2014\/03\/Debrecen.jpg 1654w\" sizes=\"(max-width: 640px) 100vw, 640px\" \/><\/a><\/p>\n<p>&nbsp;<\/p>\n<p style=\"text-align: justify;\">A magyar katonazene egyik legnagyobb m\u00falttal rendelkez\u0151 egy\u00fcttese a Debrecen Hely\u0151rs\u00e9gi Zenekar, amely 2014-ben \u00a0\u00fcnnepli megalakul\u00e1s\u00e1nak 60. \u00e9vfordul\u00f3j\u00e1t. T\u00f6retlen hagyom\u00e1ny \u00e9s folyamatos meg\u00fajul\u00e1s harmonikus kett\u0151ss\u00e9ge jellemzi a zenekar t\u00f6bb mint f\u00e9lsz\u00e1z esztend\u0151s t\u00f6rt\u00e9net\u00e9t, amely saj\u00e1tosan \u00f6sszeforrt a legnagyobb hazai katonazenekari fesztiv\u00e1llal is.<\/p>\n<p style=\"text-align: justify;\">Az 1950-es \u00e9vek elej\u00e9n mer\u00fclt fel az ig\u00e9ny, egy \u00c9szak-Tisz\u00e1nt\u00fali r\u00e9gi\u00f3ban m\u0171k\u00f6d\u0151 katonazenekarra, ez\u00e9rt ideiglenes jelleggel Ny\u00edregyh\u00e1z\u00e1n hoztak l\u00e9tre egy sork\u00f6teles zen\u00e9szekb\u0151l \u00e1ll\u00f3 katonazenekart. Ezt a zenekart tekinthetj\u00fck az 1954-ben megalak\u00edtott debreceni zenekar el\u0151dj\u00e9nek, hiszen a Tak\u00e1cs J\u00f3zsef hadnagy \u00e9s Gy\u00e9vai Istv\u00e1n f\u0151t\u00f6rzs\u0151rmester vezet\u00e9s\u00e9vel megalakult 15 f\u0151s Debreceni Hely\u0151rs\u00e9gi Zenekar a ny\u00edregyh\u00e1zi zenekar \u00e1thelyez\u00e9s\u00e9vel eg\u00e9sz\u00fclt ki. A zenekar vezet\u00e9s\u00e9t 1957-ben Borovi J\u00f3zsef f\u0151hadnagy veszi \u00e1t, a zenekart a MN 48. l\u00f6v\u00e9szezred Pavillon laktany\u00e1ban helyezt\u00e9k el. A Debreceni \u00e9s a Ny\u00edregyh\u00e1zi Hely\u0151rs\u00e9gi Zenekar szoros \u00f6sszefon\u00f3d\u00e1sa m\u00e9g k\u00e9t alkalommal folytat\u00f3dott 1964-ben \u00e9s 1977-ben amikor v\u00e9gleg \u00f6sszeolvadt a k\u00e9t zenekar Debrecenben Petrov\u00e1nszki S\u00e1ndor sz\u00e1zados vezet\u00e9s\u00e9vel.<\/p>\n<div id=\"attachment_733\" style=\"width: 482px\" class=\"wp-caption alignnone\"><a href=\"http:\/\/www.fricsay.hu\/wp-content\/uploads\/2014\/03\/DHZ-petr.jpg\"><img aria-describedby=\"caption-attachment-733\" decoding=\"async\" loading=\"lazy\" class=\"wp-image-733 size-full\" src=\"http:\/\/www.fricsay.hu\/wp-content\/uploads\/2014\/03\/DHZ-petr.jpg\" alt=\"DHZ petr\" width=\"472\" height=\"305\" srcset=\"http:\/\/www.fricsay.hu\/wp-content\/uploads\/2014\/03\/DHZ-petr.jpg 472w, http:\/\/www.fricsay.hu\/wp-content\/uploads\/2014\/03\/DHZ-petr-300x193.jpg 300w\" sizes=\"(max-width: 472px) 100vw, 472px\" \/><\/a><p id=\"caption-attachment-733\" class=\"wp-caption-text\">Debreceni Hely\u0151rs\u00e9gi Zenekar a a hetvenes \u00e9vekben. Karmester Petrov\u00e1nszky S\u00e1ndor.<\/p><\/div>\n<p style=\"text-align: justify;\">Petrov\u00e1nszki nyug\u00e1llom\u00e1nyba vonul\u00e1sa ut\u00e1n Stank\u00f3czi L\u00e1szl\u00f3 \u0151rnagy\u00a0lett a zenekar karmestere, aki 1979-t\u0151l 1996-ig, majdnem k\u00e9t \u00e9vtizedig ir\u00e1ny\u00edtotta a zenekar szakmai munk\u00e1j\u00e1t. Karmesteri tev\u00e9kenys\u00e9g\u00e9hez\u00a0 sz\u00e1mos f\u00fav\u00f3szenekari hangszerel\u00e9s k\u00f6t\u0151dik, a Magyar N\u00e9phadsereg \u201dFeh\u00e9r\u201d Indul\u00f3 k\u00f6nyve, \u00e9s a katonazenekari fesztiv\u00e1lok \u00f6sszevont zenekari kotta anyag\u00e1nak egy r\u00e9sze is az \u0151 keze al\u00f3l ker\u00fclt ki.<\/p>\n<p style=\"text-align: justify;\"><a href=\"http:\/\/www.fricsay.hu\/wp-content\/uploads\/2014\/03\/8-Debreceni-Hely\u0151rs\u00e9gi-Zenekar-koncertje-1977-ben..jpg\"><img decoding=\"async\" loading=\"lazy\" class=\"alignnone size-large wp-image-734\" src=\"http:\/\/www.fricsay.hu\/wp-content\/uploads\/2014\/03\/8-Debreceni-Hely\u0151rs\u00e9gi-Zenekar-koncertje-1977-ben.-1024x737.jpg\" alt=\"8 -  Debreceni Hely\u0151rs\u00e9gi Zenekar koncertje 1977-ben.\" width=\"640\" height=\"460\" srcset=\"http:\/\/www.fricsay.hu\/wp-content\/uploads\/2014\/03\/8-Debreceni-Hely\u0151rs\u00e9gi-Zenekar-koncertje-1977-ben.-1024x737.jpg 1024w, http:\/\/www.fricsay.hu\/wp-content\/uploads\/2014\/03\/8-Debreceni-Hely\u0151rs\u00e9gi-Zenekar-koncertje-1977-ben.-300x215.jpg 300w, http:\/\/www.fricsay.hu\/wp-content\/uploads\/2014\/03\/8-Debreceni-Hely\u0151rs\u00e9gi-Zenekar-koncertje-1977-ben..jpg 1181w\" sizes=\"(max-width: 640px) 100vw, 640px\" \/><\/a><\/p>\n<p style=\"text-align: justify;\">1996 ut\u00e1n Kis B\u00e9la t\u00f6rzsz\u00e1szl\u00f3s vette \u00e1t a zenekar vezet\u00e9s\u00e9t. A tapasztalt muzsikus hozz\u00e1\u00e9rt\u0151 szakmai ir\u00e1ny\u00edt\u00e1sa alatt egy \u00faj produkci\u00f3val gazdag\u00edtotta a zenekar reperto\u00e1rja. A Silver Mazsorett Csoporttal k\u00e9sz\u00fclt k\u00f6z\u00f6s zen\u00e9s alaki, Gyep Show m\u0171sor mindig hatalmas k\u00f6z\u00f6ns\u00e9gsikert hozott. Vezet\u00e9se alatt kapott a zenekar Pro P\u00e1tria Alap\u00edtv\u00e1nyt\u00f3l alegys\u00e9gz\u00e1szl\u00f3t \u00e9s N\u00edv\u00f3 d\u00edjat, Debrecen Megyejog\u00fa V\u00e1ros \u00d6nkorm\u00e1nyzat\u00e1t\u00f3l Csokonai-d\u00edjat. Sajnos munk\u00e1j\u00e1t nem tudta befejezni tragikus hal\u00e1la miatt.<\/p>\n<p style=\"text-align: justify;\">2001-t\u0151l Balogh Tam\u00e1s sz\u00e1zados vette \u00e1t a zenekar vezet\u00e9s\u00e9t, kinek szakmai ir\u00e1ny\u00edt\u00e1sa alatt rendszeress\u00e9 v\u00e1ltak a v\u00e1rosi Kar\u00e1csonyi Hangversenyek \u00e9s a k\u00fclf\u00f6ldi utak. Szlov\u00e9ni\u00e1ban egy nemzetk\u00f6zi hadgyakorlatnak, illetve Koszov\u00f3ban pedig a Szent L\u00e1szl\u00f3 t\u00e1bor bez\u00e1r\u00e1s\u00e1nak zenei kiszolg\u00e1l\u00e1s\u00e1t hajtotta v\u00e9gre a zenekar. Az \u00fajonnan megalakult H\u00f3dmez\u0151v\u00e1s\u00e1rhelyi Hely\u0151rs\u00e9gi Zenekarral kialak\u00edtott &#8211; mind a mai napig tart\u00f3 szakmai \u00e9s bar\u00e1ti &#8211; kapcsolat sok nagyszer\u0171 hangverseny l\u00e9trej\u00f6tt\u00e9t eredm\u00e9nyezte.<\/p>\n<div id=\"attachment_737\" style=\"width: 360px\" class=\"wp-caption alignnone\"><a href=\"http:\/\/www.fricsay.hu\/wp-content\/uploads\/2014\/03\/katonazenekar_2006_sm.jpg\"><img aria-describedby=\"caption-attachment-737\" decoding=\"async\" loading=\"lazy\" class=\"wp-image-737 size-full\" src=\"http:\/\/www.fricsay.hu\/wp-content\/uploads\/2014\/03\/katonazenekar_2006_sm.jpg\" alt=\"katonazenekar_2006_sm\" width=\"350\" height=\"233\" srcset=\"http:\/\/www.fricsay.hu\/wp-content\/uploads\/2014\/03\/katonazenekar_2006_sm.jpg 350w, http:\/\/www.fricsay.hu\/wp-content\/uploads\/2014\/03\/katonazenekar_2006_sm-300x199.jpg 300w\" sizes=\"(max-width: 350px) 100vw, 350px\" \/><\/a><p id=\"caption-attachment-737\" class=\"wp-caption-text\">Ezreddobos Balogh Tam\u00e1s sz\u00e1zados.<\/p><\/div>\n<p style=\"text-align: justify;\">2009-t\u0151l P\u00e1l Istv\u00e1n sz\u00e1zados vezeti a zenekart, aki hagyom\u00e1nyteremt\u0151 c\u00e9llal hozta l\u00e9tre a Passi\u00f3 hangverseny sorozatot, amely rendszeresen a Debrecen jelk\u00e9p\u00e9nek sz\u00e1m\u00edt\u00f3 Nagytemplomban ker\u00fcl lebonyol\u00edt\u00e1sra. 2013-ban egy \u00fajabb kultur\u00e1lis sz\u00ednfoltk\u00e9nt mutatkozott be a \u201dPromen\u00e1d a Hely\u0151rs\u00e9gi Zenekarral\u201d c\u00edm\u0171 t\u00e9rzene sorozat, amely az egykori gyalogezredek hagyom\u00e1nyos t\u00e9rzenehelysz\u00ednein ad koncertet a zenekar. Az Adventi id\u0151szakban szint\u00e9n t\u00f6bb helysz\u00ednen koncertezik a zenekar \u00e9s t\u00f6rekv\u00e9sek vannak arra, hogy a dand\u00e1r vonz\u00e1s k\u00f6rzet\u00e9be tartoz\u00f3 megyesz\u00e9khelyeken rendszeres koncertekkel \u00f6rvendeztesse meg a k\u00f6z\u00f6ns\u00e9get az egy\u00fcttes. 2014-ben a 60. \u00e9vfordul\u00f3 kapcs\u00e1n pedig sz\u00e1mos koncerttel k\u00e9sz\u00fcl a zenekar, ezzel is eml\u00e9ket \u00e1ll\u00edtva a hat \u00e9vtizedes sikerekben gazdag szakmai munk\u00e1nak.<\/p>\n<p>\u00a0 \u00a0 <a href=\"http:\/\/www.fricsay.hu\/wp-content\/uploads\/2014\/03\/zene_03-1.jpg\"><img decoding=\"async\" loading=\"lazy\" class=\"alignnone size-full wp-image-735\" src=\"http:\/\/www.fricsay.hu\/wp-content\/uploads\/2014\/03\/zene_03-1.jpg\" alt=\"zene_03 (1)\" width=\"636\" height=\"424\" srcset=\"http:\/\/www.fricsay.hu\/wp-content\/uploads\/2014\/03\/zene_03-1.jpg 636w, http:\/\/www.fricsay.hu\/wp-content\/uploads\/2014\/03\/zene_03-1-300x200.jpg 300w\" sizes=\"(max-width: 636px) 100vw, 636px\" \/><\/a><\/p>\n<p style=\"text-align: right;\">P\u00e1l Istv\u00e1n sz\u00e1zados<img decoding=\"async\" loading=\"lazy\" class=\"wp-image-738 alignright\" src=\"http:\/\/www.fricsay.hu\/wp-content\/uploads\/2014\/03\/P\u00e1l-Istv\u00e1n.jpg\" alt=\"P\u00e1l Istv\u00e1n\" width=\"200\" height=\"234\" srcset=\"http:\/\/www.fricsay.hu\/wp-content\/uploads\/2014\/03\/P\u00e1l-Istv\u00e1n.jpg 680w, http:\/\/www.fricsay.hu\/wp-content\/uploads\/2014\/03\/P\u00e1l-Istv\u00e1n-256x300.jpg 256w\" sizes=\"(max-width: 200px) 100vw, 200px\" \/><\/p>\n","protected":false},"excerpt":{"rendered":"<p>&nbsp; &nbsp; A magyar katonazene egyik legnagyobb m\u00falttal rendelkez\u0151 egy\u00fcttese a Debrecen Hely\u0151rs\u00e9gi Zenekar, amely 2014-ben \u00a0\u00fcnnepli megalakul\u00e1s\u00e1nak 60. \u00e9vfordul\u00f3j\u00e1t. T\u00f6retlen hagyom\u00e1ny \u00e9s folyamatos meg\u00fajul\u00e1s harmonikus kett\u0151ss\u00e9ge jellemzi a zenekar t\u00f6bb mint f\u00e9lsz\u00e1z esztend\u0151s t\u00f6rt\u00e9net\u00e9t, amely saj\u00e1tosan \u00f6sszeforrt a legnagyobb &hellip; <a href=\"http:\/\/www.fricsay.hu\/?page_id=633\">Egy kattint\u00e1s ide a folytat\u00e1shoz&#8230;. <span class=\"meta-nav\">&rarr;<\/span><\/a><\/p>\n","protected":false},"author":1,"featured_media":0,"parent":0,"menu_order":0,"comment_status":"open","ping_status":"open","template":"","meta":{"ngg_post_thumbnail":0},"_links":{"self":[{"href":"http:\/\/www.fricsay.hu\/index.php?rest_route=\/wp\/v2\/pages\/633"}],"collection":[{"href":"http:\/\/www.fricsay.hu\/index.php?rest_route=\/wp\/v2\/pages"}],"about":[{"href":"http:\/\/www.fricsay.hu\/index.php?rest_route=\/wp\/v2\/types\/page"}],"author":[{"embeddable":true,"href":"http:\/\/www.fricsay.hu\/index.php?rest_route=\/wp\/v2\/users\/1"}],"replies":[{"embeddable":true,"href":"http:\/\/www.fricsay.hu\/index.php?rest_route=%2Fwp%2Fv2%2Fcomments&post=633"}],"version-history":[{"count":9,"href":"http:\/\/www.fricsay.hu\/index.php?rest_route=\/wp\/v2\/pages\/633\/revisions"}],"predecessor-version":[{"id":746,"href":"http:\/\/www.fricsay.hu\/index.php?rest_route=\/wp\/v2\/pages\/633\/revisions\/746"}],"wp:attachment":[{"href":"http:\/\/www.fricsay.hu\/index.php?rest_route=%2Fwp%2Fv2%2Fmedia&parent=633"}],"curies":[{"name":"wp","href":"https:\/\/api.w.org\/{rel}","templated":true}]}}