{"id":614,"date":"2014-03-10T22:32:58","date_gmt":"2014-03-10T20:32:58","guid":{"rendered":"http:\/\/www.fricsay.hu\/?page_id=614"},"modified":"2014-08-07T21:55:26","modified_gmt":"2014-08-07T19:55:26","slug":"mh-veszprem-legierozenekar","status":"publish","type":"page","link":"http:\/\/www.fricsay.hu\/?page_id=614","title":{"rendered":"MH Veszpr\u00e9m L\u00e9gier\u0151zenekar"},"content":{"rendered":"<p>&nbsp;<\/p>\n<p style=\"text-align: center;\"><a href=\"http:\/\/www.fricsay.hu\/wp-content\/uploads\/2014\/03\/Fejl\u00e9c8.jpg\"><img decoding=\"async\" loading=\"lazy\" class=\"alignnone size-large wp-image-757\" src=\"http:\/\/www.fricsay.hu\/wp-content\/uploads\/2014\/03\/Fejl\u00e9c8-1024x235.jpg\" alt=\"Fejl\u00e9c8\" width=\"640\" height=\"146\" srcset=\"http:\/\/www.fricsay.hu\/wp-content\/uploads\/2014\/03\/Fejl\u00e9c8-1024x235.jpg 1024w, http:\/\/www.fricsay.hu\/wp-content\/uploads\/2014\/03\/Fejl\u00e9c8-300x69.jpg 300w\" sizes=\"(max-width: 640px) 100vw, 640px\" \/><\/a><\/p>\n<p style=\"text-align: center;\"><a href=\"http:\/\/www.fricsay.hu\/wp-content\/uploads\/2014\/03\/MH-L\u00e9gier\u0151zenekar-Veszpr\u00e9m.jpg\"><img decoding=\"async\" loading=\"lazy\" class=\"alignnone size-full wp-image-641\" src=\"http:\/\/www.fricsay.hu\/wp-content\/uploads\/2014\/03\/MH-L\u00e9gier\u0151zenekar-Veszpr\u00e9m.jpg\" alt=\"MH L\u00e9gier\u0151zenekar Veszpr\u00e9m\" width=\"960\" height=\"720\" srcset=\"http:\/\/www.fricsay.hu\/wp-content\/uploads\/2014\/03\/MH-L\u00e9gier\u0151zenekar-Veszpr\u00e9m.jpg 960w, http:\/\/www.fricsay.hu\/wp-content\/uploads\/2014\/03\/MH-L\u00e9gier\u0151zenekar-Veszpr\u00e9m-300x225.jpg 300w\" sizes=\"(max-width: 960px) 100vw, 960px\" \/><\/a><\/p>\n","protected":false},"excerpt":{"rendered":"<p>&nbsp;<\/p>\n","protected":false},"author":1,"featured_media":0,"parent":0,"menu_order":0,"comment_status":"open","ping_status":"open","template":"","meta":{"ngg_post_thumbnail":0},"_links":{"self":[{"href":"http:\/\/www.fricsay.hu\/index.php?rest_route=\/wp\/v2\/pages\/614"}],"collection":[{"href":"http:\/\/www.fricsay.hu\/index.php?rest_route=\/wp\/v2\/pages"}],"about":[{"href":"http:\/\/www.fricsay.hu\/index.php?rest_route=\/wp\/v2\/types\/page"}],"author":[{"embeddable":true,"href":"http:\/\/www.fricsay.hu\/index.php?rest_route=\/wp\/v2\/users\/1"}],"replies":[{"embeddable":true,"href":"http:\/\/www.fricsay.hu\/index.php?rest_route=%2Fwp%2Fv2%2Fcomments&post=614"}],"version-history":[{"count":3,"href":"http:\/\/www.fricsay.hu\/index.php?rest_route=\/wp\/v2\/pages\/614\/revisions"}],"predecessor-version":[{"id":758,"href":"http:\/\/www.fricsay.hu\/index.php?rest_route=\/wp\/v2\/pages\/614\/revisions\/758"}],"wp:attachment":[{"href":"http:\/\/www.fricsay.hu\/index.php?rest_route=%2Fwp%2Fv2%2Fmedia&parent=614"}],"curies":[{"name":"wp","href":"https:\/\/api.w.org\/{rel}","templated":true}]}}