{"id":396,"date":"2013-11-22T09:44:07","date_gmt":"2013-11-22T07:44:07","guid":{"rendered":"http:\/\/www.fricsay.hu\/?page_id=396"},"modified":"2022-09-23T19:05:21","modified_gmt":"2022-09-23T17:05:21","slug":"konyvek","status":"publish","type":"page","link":"http:\/\/www.fricsay.hu\/?page_id=396","title":{"rendered":"K\u00f6nyvek"},"content":{"rendered":"<p><strong>&nbsp;Katonazenei szakk\u00f6nyvek<\/strong><\/p>\n<p><img decoding=\"async\" loading=\"lazy\" class=\"alignnone size-full wp-image-234\" style=\"float: left; margin: 2px 5px; border: 1px solid black;\" src=\"http:\/\/www.fricsay.hu\/wp-content\/uploads\/2013\/10\/Kiadv\u00e1ny-Barczy-Kardh.jpg\" alt=\"Kiadv\u00e1ny - Barczy Kardh\" width=\"280\" height=\"402\" srcset=\"http:\/\/www.fricsay.hu\/wp-content\/uploads\/2013\/10\/Kiadv\u00e1ny-Barczy-Kardh.jpg 1278w, http:\/\/www.fricsay.hu\/wp-content\/uploads\/2013\/10\/Kiadv\u00e1ny-Barczy-Kardh-208x300.jpg 208w, http:\/\/www.fricsay.hu\/wp-content\/uploads\/2013\/10\/Kiadv\u00e1ny-Barczy-Kardh-712x1024.jpg 712w\" sizes=\"(max-width: 280px) 100vw, 280px\" \/><\/p>\n<p>&nbsp;<\/p>\n<p>&nbsp;<\/p>\n<p><strong><span style=\"color: #000080;\">BARCY ZOLT\u00c1N &#8211; KARCH P\u00c1L<\/span><\/strong><\/p>\n<p>Hang\u00e1szok &#8211; Hangszerek &#8211; Hangjegyek<\/p>\n<p>&nbsp;<\/p>\n<p>&nbsp;<\/p>\n<p>&nbsp;<\/p>\n<p>&nbsp;<\/p>\n<p>&nbsp;<\/p>\n<p>&nbsp;<\/p>\n<p><img decoding=\"async\" loading=\"lazy\" class=\"alignnone size-full wp-image-468\" style=\"margin: 2px 5px; float: left;\" src=\"http:\/\/www.fricsay.hu\/wp-content\/uploads\/2013\/11\/beolvas\u00e1s0002.jpg\" alt=\"beolvas\u00e1s0002\" width=\"300\" height=\"426\" srcset=\"http:\/\/www.fricsay.hu\/wp-content\/uploads\/2013\/11\/beolvas\u00e1s0002.jpg 1432w, http:\/\/www.fricsay.hu\/wp-content\/uploads\/2013\/11\/beolvas\u00e1s0002-211x300.jpg 211w, http:\/\/www.fricsay.hu\/wp-content\/uploads\/2013\/11\/beolvas\u00e1s0002-720x1024.jpg 720w\" sizes=\"(max-width: 300px) 100vw, 300px\" \/><\/p>\n<p>&nbsp;<\/p>\n<p>&nbsp;<\/p>\n<p>&nbsp;<\/p>\n<p><strong><span style=\"color: #000080;\">KARCH P\u00c1L<\/span><\/strong><\/p>\n<p>Pest-Buda katonazen\u00e9je 1848-ban<\/p>\n<p>&nbsp;<\/p>\n<p>&nbsp;<\/p>\n<p>&nbsp;<\/p>\n<p>&nbsp;<\/p>\n<p>&nbsp;<\/p>\n<p><img decoding=\"async\" loading=\"lazy\" class=\"alignnone size-full wp-image-467\" style=\"margin: 5px; float: left;\" src=\"http:\/\/www.fricsay.hu\/wp-content\/uploads\/2013\/11\/beolvas\u00e1s0001.jpg\" alt=\"beolvas\u00e1s0001\" width=\"300\" height=\"412\" srcset=\"http:\/\/www.fricsay.hu\/wp-content\/uploads\/2013\/11\/beolvas\u00e1s0001.jpg 591w, http:\/\/www.fricsay.hu\/wp-content\/uploads\/2013\/11\/beolvas\u00e1s0001-218x300.jpg 218w\" sizes=\"(max-width: 300px) 100vw, 300px\" \/><\/p>\n<p>&nbsp;<\/p>\n<p>&nbsp;<\/p>\n<p>&nbsp;<\/p>\n<p><strong><span style=\"color: #000080;\">MAROSI L\u00c1SZL\u00d3<\/span><\/strong><\/p>\n<p>K\u00e9t \u00e9vsz\u00e1zad katonazen\u00e9je Magyarorsz\u00e1gon.<\/p>\n<p>&nbsp;<\/p>\n<p>&nbsp;<\/p>\n<p>&nbsp;<\/p>\n<p>&nbsp;<\/p>\n<p>&nbsp;<\/p>\n\n\n<div class=\"wp-block-image\"><figure class=\"alignleft is-resized\"><img decoding=\"async\" loading=\"lazy\" src=\"https:\/\/www.fricsay.hu\/wp-content\/uploads\/2022\/09\/MH-kiadv\u00e1ny.jpg\" alt=\"\" class=\"wp-image-1224\" width=\"308\" height=\"311\"\/><figcaption><strong>S\u00e1rosi P\u00e9ter: &#8222;Trombita harsog, dob  pereg&#8230;&#8221;<\/strong><br>125 \u00e9ves magyar katonazene.<br>A Magyar Honv\u00e9ds\u00e9g katonazenekarainak hivatalos magyar-angol nyelv\u0171 \u00fcnnepi kiadv\u00e1nya.<br>Felel\u0151s kiad\u00f3: MH Zr\u00ednyi M\u00e9dia Nonprofit kht.<br><\/figcaption><\/figure><\/div>\n\n\n\n<p><strong>S\u00e1rosi P\u00e9ter: &#8222;Trombita harsog, dob  pereg&#8230;&#8221;<\/strong><br>125 \u00e9ves a magyar katonazene.<br>A Magyar Honv\u00e9ds\u00e9g katonazenekarainak magyar-angol nyelv\u0171 \u00fcnnepi kiadv\u00e1nya.<br>Felel\u0151s kiad\u00f3: MH Zr\u00ednyi M\u00e9dia Nonprofit kht. <\/p>\n\n\n\n<p><\/p>\n\n\n\n<p><\/p>\n\n\n\n<h2 class=\"wp-block-heading\" style=\"text-align:left\">Kiss Dezs\u0151 &#8211; S\u00e1rosi P\u00e9ter: Zene a Haz\u00e1\u00e9rt<\/h2>\n\n\n\n<p>60 \u00e9ves a Magyar Honv\u00e9ds\u00e9g K\u00f6zponti Zenekara<\/p>\n\n\n\n<figure class=\"wp-block-image is-resized\"><img decoding=\"async\" loading=\"lazy\" src=\"https:\/\/www.fricsay.hu\/wp-content\/uploads\/2022\/09\/KPZ-60-k\u00f6nyv-1-829x1024.png\" alt=\"\" class=\"wp-image-1248\" width=\"407\" height=\"502\" srcset=\"http:\/\/www.fricsay.hu\/wp-content\/uploads\/2022\/09\/KPZ-60-k\u00f6nyv-1-829x1024.png 829w, http:\/\/www.fricsay.hu\/wp-content\/uploads\/2022\/09\/KPZ-60-k\u00f6nyv-1-243x300.png 243w, http:\/\/www.fricsay.hu\/wp-content\/uploads\/2022\/09\/KPZ-60-k\u00f6nyv-1-768x948.png 768w, http:\/\/www.fricsay.hu\/wp-content\/uploads\/2022\/09\/KPZ-60-k\u00f6nyv-1.png 865w\" sizes=\"(max-width: 407px) 100vw, 407px\" \/><\/figure>\n","protected":false},"excerpt":{"rendered":"<p>&nbsp;Katonazenei szakk\u00f6nyvek &nbsp; &nbsp; BARCY ZOLT\u00c1N &#8211; KARCH P\u00c1L Hang\u00e1szok &#8211; Hangszerek &#8211; Hangjegyek &nbsp; &nbsp; &nbsp; &nbsp; &nbsp; &nbsp; &nbsp; &nbsp; &nbsp; KARCH P\u00c1L Pest-Buda katonazen\u00e9je 1848-ban &nbsp; &nbsp; &nbsp; &nbsp; &nbsp; &nbsp; &nbsp; &nbsp; MAROSI L\u00c1SZL\u00d3 K\u00e9t \u00e9vsz\u00e1zad &hellip; <a href=\"http:\/\/www.fricsay.hu\/?page_id=396\">Egy kattint\u00e1s ide a folytat\u00e1shoz&#8230;. <span class=\"meta-nav\">&rarr;<\/span><\/a><\/p>\n","protected":false},"author":1,"featured_media":0,"parent":0,"menu_order":0,"comment_status":"open","ping_status":"open","template":"","meta":{"ngg_post_thumbnail":0},"_links":{"self":[{"href":"http:\/\/www.fricsay.hu\/index.php?rest_route=\/wp\/v2\/pages\/396"}],"collection":[{"href":"http:\/\/www.fricsay.hu\/index.php?rest_route=\/wp\/v2\/pages"}],"about":[{"href":"http:\/\/www.fricsay.hu\/index.php?rest_route=\/wp\/v2\/types\/page"}],"author":[{"embeddable":true,"href":"http:\/\/www.fricsay.hu\/index.php?rest_route=\/wp\/v2\/users\/1"}],"replies":[{"embeddable":true,"href":"http:\/\/www.fricsay.hu\/index.php?rest_route=%2Fwp%2Fv2%2Fcomments&post=396"}],"version-history":[{"count":21,"href":"http:\/\/www.fricsay.hu\/index.php?rest_route=\/wp\/v2\/pages\/396\/revisions"}],"predecessor-version":[{"id":1259,"href":"http:\/\/www.fricsay.hu\/index.php?rest_route=\/wp\/v2\/pages\/396\/revisions\/1259"}],"wp:attachment":[{"href":"http:\/\/www.fricsay.hu\/index.php?rest_route=%2Fwp%2Fv2%2Fmedia&parent=396"}],"curies":[{"name":"wp","href":"https:\/\/api.w.org\/{rel}","templated":true}]}}