{"id":391,"date":"2013-11-22T09:38:48","date_gmt":"2013-11-22T07:38:48","guid":{"rendered":"http:\/\/www.fricsay.hu\/?page_id=391"},"modified":"2022-09-23T19:06:55","modified_gmt":"2022-09-23T17:06:55","slug":"elnokseg","status":"publish","type":"page","link":"http:\/\/www.fricsay.hu\/?page_id=391","title":{"rendered":"Eln\u00f6ks\u00e9g"},"content":{"rendered":"<p>Az egyes\u00fclet megalap\u00edt\u00f3ja&nbsp;a Magyar Honv\u00e9ds\u00e9g K\u00f6zponti Zenekar tags\u00e1ga volt, amely 1999. -ben az els\u0151 k\u00f6zgy\u0171l\u00e9s \u00f6sszeh\u00edv\u00e1s\u00e1val kezdem\u00e9nyezte a t\u00e1rsadalmi szervezet hivatalos bejegyz\u00e9s\u00e9t.<\/p>\n<div>\n<p style=\"text-align: justify;\">Az Egyes\u00fclet, a t\u00e1rsadalmi szervezetekre vonatkoz\u00f3 t\u00f6rv\u00e9nyek \u00e9s szab\u00e1lyz\u00f3k alapj\u00e1n m\u0171k\u00f6dik, amelynek &nbsp;szakmai \u00e9s p\u00e9nz\u00fcgyi tev\u00e9kenys\u00e9g\u00e9t 5 f\u0151s eln\u00f6ks\u00e9gi test\u00fclet szervezi \u00e9s ir\u00e1ny\u00edtja a k\u00f6zgy\u0171l\u00e9s \u00e1ltal j\u00f3v\u00e1hagyott \u00e9ves program alapj\u00e1n. Az Egyes\u00fclet jelenlegi tagl\u00e9tsz\u00e1ma jelenleg 60 f\u0151.<\/p>\n<h2 style=\"text-align: justify;\"><strong><span style=\"color: #333399;\"><span style=\"color: #333399;\">Egyes\u00fclet Eln\u00f6ks\u00e9ge:<\/span><\/span><\/strong><\/h2>\n<div id=\"attachment_225\" style=\"width: 255px\" class=\"wp-caption alignleft\"><a href=\"http:\/\/www.fricsay.hu\/wp-content\/uploads\/2013\/10\/S\u00e1rosi-P\u00e9ter-szds..jpg\"><img aria-describedby=\"caption-attachment-225\" decoding=\"async\" loading=\"lazy\" class=\"wp-image-225 \" style=\"margin: 0px 10px; border: 1px solid black; float: left;\" src=\"http:\/\/www.fricsay.hu\/wp-content\/uploads\/2013\/10\/S\u00e1rosi-P\u00e9ter-szds..jpg\" alt=\"S\u00e1rosi P\u00e9ter szds.\" width=\"245\" height=\"349\" srcset=\"http:\/\/www.fricsay.hu\/wp-content\/uploads\/2013\/10\/S\u00e1rosi-P\u00e9ter-szds..jpg 1696w, http:\/\/www.fricsay.hu\/wp-content\/uploads\/2013\/10\/S\u00e1rosi-P\u00e9ter-szds.-210x300.jpg 210w, http:\/\/www.fricsay.hu\/wp-content\/uploads\/2013\/10\/S\u00e1rosi-P\u00e9ter-szds.-719x1024.jpg 719w\" sizes=\"(max-width: 245px) 100vw, 245px\" \/><\/a><p id=\"caption-attachment-225\" class=\"wp-caption-text\">Eln\u00f6k \u2013 Chairman \u2013 S\u00e1rosi P\u00e9ter<\/p><\/div>\n<div id=\"attachment_404\" style=\"width: 237px\" class=\"wp-caption alignright\"><img aria-describedby=\"caption-attachment-404\" decoding=\"async\" loading=\"lazy\" class=\"wp-image-404 \" style=\"margin: 5px 10px; border: 1px solid black; float: left;\" title=\"Orth G\u00e1bor\" src=\"http:\/\/www.fricsay.hu\/wp-content\/uploads\/2013\/11\/Orth-G\u00e1bor.jpg\" alt=\"Orth G\u00e1bor\" width=\"227\" height=\"343\" srcset=\"http:\/\/www.fricsay.hu\/wp-content\/uploads\/2013\/11\/Orth-G\u00e1bor.jpg 591w, http:\/\/www.fricsay.hu\/wp-content\/uploads\/2013\/11\/Orth-G\u00e1bor-198x300.jpg 198w\" sizes=\"(max-width: 227px) 100vw, 227px\" \/><p id=\"caption-attachment-404\" class=\"wp-caption-text\">Aleln\u00f6k &#8211; vice-chairman Orth G\u00e1bor<\/p><\/div>\n<\/div>\n<p>&nbsp;<\/p>\n<p>&nbsp;<\/p>\n<p>&nbsp;<\/p>\n<p>&nbsp;<\/p>\n<p>&nbsp;<\/p>\n<p>&nbsp;<\/p>\n<p>&nbsp;<\/p>\n<p>&nbsp;<\/p>\n<p>&nbsp;<\/p>\n<div>\n<div id=\"attachment_412\" style=\"width: 256px\" class=\"wp-caption alignnone\"><img aria-describedby=\"caption-attachment-412\" decoding=\"async\" loading=\"lazy\" class=\"wp-image-412\" src=\"http:\/\/www.fricsay.hu\/wp-content\/uploads\/2013\/11\/Orthn\u00e9.jpg\" alt=\"Orthn\u00e9\" width=\"246\" height=\"372\" srcset=\"http:\/\/www.fricsay.hu\/wp-content\/uploads\/2013\/11\/Orthn\u00e9.jpg 591w, http:\/\/www.fricsay.hu\/wp-content\/uploads\/2013\/11\/Orthn\u00e9-198x300.jpg 198w\" sizes=\"(max-width: 246px) 100vw, 246px\" \/><p id=\"caption-attachment-412\" class=\"wp-caption-text\">Titk\u00e1r \u2013 Secretary &nbsp;Orthn\u00e9 G\u00e1bor Ildik\u00f3<\/p><\/div>\n<div id=\"attachment_408\" style=\"width: 257px\" class=\"wp-caption alignleft\"><img aria-describedby=\"caption-attachment-408\" decoding=\"async\" loading=\"lazy\" class=\"wp-image-408 \" src=\"http:\/\/www.fricsay.hu\/wp-content\/uploads\/2013\/11\/B\u00e9lav\u00e1ri-P\u00e9ter.jpg\" alt=\"B\u00e9lav\u00e1ri P\u00e9ter\" width=\"247\" height=\"373\" srcset=\"http:\/\/www.fricsay.hu\/wp-content\/uploads\/2013\/11\/B\u00e9lav\u00e1ri-P\u00e9ter.jpg 591w, http:\/\/www.fricsay.hu\/wp-content\/uploads\/2013\/11\/B\u00e9lav\u00e1ri-P\u00e9ter-198x300.jpg 198w\" sizes=\"(max-width: 247px) 100vw, 247px\" \/><p id=\"caption-attachment-408\" class=\"wp-caption-text\">P\u00e9nzt\u00e1ros: B\u00e9lav\u00e1ri P\u00e9ter<\/p><\/div>\n<div id=\"attachment_410\" style=\"width: 256px\" class=\"wp-caption alignnone\"><a href=\"http:\/\/www.fricsay.hu\/wp-content\/uploads\/2013\/11\/T\u00f3th-Zolt\u00e1n.jpg\"><img aria-describedby=\"caption-attachment-410\" decoding=\"async\" loading=\"lazy\" class=\"wp-image-410 \" style=\"margin: 5px 10px; border: 1px solid black; float: left;\" src=\"http:\/\/www.fricsay.hu\/wp-content\/uploads\/2013\/11\/T\u00f3th-Zolt\u00e1n.jpg\" alt=\"T\u00f3th Zolt\u00e1n\" width=\"246\" height=\"372\" srcset=\"http:\/\/www.fricsay.hu\/wp-content\/uploads\/2013\/11\/T\u00f3th-Zolt\u00e1n.jpg 591w, http:\/\/www.fricsay.hu\/wp-content\/uploads\/2013\/11\/T\u00f3th-Zolt\u00e1n-198x300.jpg 198w\" sizes=\"(max-width: 246px) 100vw, 246px\" \/><\/a><p id=\"caption-attachment-410\" class=\"wp-caption-text\">Eln\u00f6ks\u00e9gi tag: T\u00f3th Zolt\u00e1n<\/p><\/div>\n<p>&nbsp;<\/p>\n<h2><strong><span style=\"color: #333399;\">Fel\u00fcgyel\u0151bizotts\u00e1gi tagok:<\/span><\/strong><\/h2>\n<p>Fel\u00fcgyel\u0151bizotts\u00e1g Eln\u00f6ke: H\u00e9jasi L\u00e1szl\u00f3<\/p>\n<p>Tov\u00e1bbi tagok:<\/p>\n<\/div>\n<div>\n<div id=\"attachment_967\" style=\"width: 260px\" class=\"wp-caption alignnone\"><a href=\"http:\/\/www.fricsay.hu\/wp-content\/uploads\/2013\/11\/Rim\u00f3czi-Mikl\u00f3s2.jpg\"><img aria-describedby=\"caption-attachment-967\" decoding=\"async\" loading=\"lazy\" class=\"wp-image-967\" src=\"http:\/\/www.fricsay.hu\/wp-content\/uploads\/2013\/11\/Rim\u00f3czi-Mikl\u00f3s2-678x1024.jpg\" alt=\"rimoczi-miklos2\" width=\"250\" height=\"378\" srcset=\"http:\/\/www.fricsay.hu\/wp-content\/uploads\/2013\/11\/Rim\u00f3czi-Mikl\u00f3s2-678x1024.jpg 678w, http:\/\/www.fricsay.hu\/wp-content\/uploads\/2013\/11\/Rim\u00f3czi-Mikl\u00f3s2-199x300.jpg 199w, http:\/\/www.fricsay.hu\/wp-content\/uploads\/2013\/11\/Rim\u00f3czi-Mikl\u00f3s2.jpg 1632w\" sizes=\"(max-width: 250px) 100vw, 250px\" \/><\/a><p id=\"caption-attachment-967\" class=\"wp-caption-text\">Fel\u00fcgyel\u0151bizotts\u00e1gi tag: Rim\u00f3czi Mikl\u00f3s<\/p><\/div>\n<div id=\"attachment_968\" style=\"width: 275px\" class=\"wp-caption alignleft\"><a href=\"http:\/\/www.fricsay.hu\/wp-content\/uploads\/2013\/11\/SZI.jpg\"><img aria-describedby=\"caption-attachment-968\" decoding=\"async\" loading=\"lazy\" class=\"wp-image-968\" src=\"http:\/\/www.fricsay.hu\/wp-content\/uploads\/2013\/11\/SZI-742x1024.jpg\" alt=\"szi\" width=\"265\" height=\"366\" srcset=\"http:\/\/www.fricsay.hu\/wp-content\/uploads\/2013\/11\/SZI-742x1024.jpg 742w, http:\/\/www.fricsay.hu\/wp-content\/uploads\/2013\/11\/SZI-218x300.jpg 218w, http:\/\/www.fricsay.hu\/wp-content\/uploads\/2013\/11\/SZI.jpg 1920w\" sizes=\"(max-width: 265px) 100vw, 265px\" \/><\/a><p id=\"caption-attachment-968\" class=\"wp-caption-text\">Fel\u00fcgyel\u0151bizotts\u00e1gi tag: Szab\u00f3 Imre<\/p><\/div>\n<p>&nbsp;<\/p>\n<p>&nbsp;<\/p>\n<p>&nbsp;<\/p>\n<p>&nbsp;<\/p>\n<\/div>\n<p>&nbsp;<\/p>\n<p>&nbsp;<\/p>\n<p>&nbsp;<\/p>\n<p>&nbsp;<\/p>\n<p>&nbsp;<\/p>\n","protected":false},"excerpt":{"rendered":"<p>Az egyes\u00fclet megalap\u00edt\u00f3ja&nbsp;a Magyar Honv\u00e9ds\u00e9g K\u00f6zponti Zenekar tags\u00e1ga volt, amely 1999. -ben az els\u0151 k\u00f6zgy\u0171l\u00e9s \u00f6sszeh\u00edv\u00e1s\u00e1val kezdem\u00e9nyezte a t\u00e1rsadalmi szervezet hivatalos bejegyz\u00e9s\u00e9t. Az Egyes\u00fclet, a t\u00e1rsadalmi szervezetekre vonatkoz\u00f3 t\u00f6rv\u00e9nyek \u00e9s szab\u00e1lyz\u00f3k alapj\u00e1n m\u0171k\u00f6dik, amelynek &nbsp;szakmai \u00e9s p\u00e9nz\u00fcgyi tev\u00e9kenys\u00e9g\u00e9t 5 f\u0151s &hellip; <a href=\"http:\/\/www.fricsay.hu\/?page_id=391\">Egy kattint\u00e1s ide a folytat\u00e1shoz&#8230;. <span class=\"meta-nav\">&rarr;<\/span><\/a><\/p>\n","protected":false},"author":1,"featured_media":0,"parent":0,"menu_order":0,"comment_status":"open","ping_status":"open","template":"","meta":{"ngg_post_thumbnail":0},"_links":{"self":[{"href":"http:\/\/www.fricsay.hu\/index.php?rest_route=\/wp\/v2\/pages\/391"}],"collection":[{"href":"http:\/\/www.fricsay.hu\/index.php?rest_route=\/wp\/v2\/pages"}],"about":[{"href":"http:\/\/www.fricsay.hu\/index.php?rest_route=\/wp\/v2\/types\/page"}],"author":[{"embeddable":true,"href":"http:\/\/www.fricsay.hu\/index.php?rest_route=\/wp\/v2\/users\/1"}],"replies":[{"embeddable":true,"href":"http:\/\/www.fricsay.hu\/index.php?rest_route=%2Fwp%2Fv2%2Fcomments&post=391"}],"version-history":[{"count":17,"href":"http:\/\/www.fricsay.hu\/index.php?rest_route=\/wp\/v2\/pages\/391\/revisions"}],"predecessor-version":[{"id":1261,"href":"http:\/\/www.fricsay.hu\/index.php?rest_route=\/wp\/v2\/pages\/391\/revisions\/1261"}],"wp:attachment":[{"href":"http:\/\/www.fricsay.hu\/index.php?rest_route=%2Fwp%2Fv2%2Fmedia&parent=391"}],"curies":[{"name":"wp","href":"https:\/\/api.w.org\/{rel}","templated":true}]}}